{"id":12,"date":"2021-10-13T21:04:21","date_gmt":"2021-10-13T21:04:21","guid":{"rendered":"https:\/\/zuzialeczy.pl\/?page_id=12"},"modified":"2022-06-16T12:03:26","modified_gmt":"2022-06-16T12:03:26","slug":"cennik","status":"publish","type":"page","link":"https:\/\/zuzialeczy.pl\/?page_id=12","title":{"rendered":"CENNIK"},"content":{"rendered":"\r\n<figure class=\"wp-block-table is-style-stripes\">\r\n<table>\r\n<tbody>\r\n<tr>\r\n<td>\r\n<h3><strong>Us\u0142uga<\/strong><\/h3>\r\n<\/td>\r\n<td>\r\n<h3><strong>Cena<\/strong><\/h3>\r\n<\/td>\r\n<\/tr>\r\n<tr>\r\n<td>\r\n<h4>Wizyta domowa pediatryczna<\/h4>\r\n<\/td>\r\n<td>\r\n<h4>200 z\u0142<\/h4>\r\n<\/td>\r\n<\/tr>\r\n<tr>\r\n<td>\r\n<h4>Wizyta domowa &#8211; kolejny pacjent pod tym samym adresem<\/h4>\r\n<\/td>\r\n<td>\r\n<h4>100 z\u0142<\/h4>\r\n<\/td>\r\n<\/tr>\r\n<tr>\r\n<td>\r\n<h4>Wizyta domowa pediatryczna + badanie USG (jedna okolica)<\/h4>\r\n<\/td>\r\n<td>\r\n<h4>350 z\u0142<\/h4>\r\n<\/td>\r\n<\/tr>\r\n<tr>\r\n<td>\r\n<h4>Wizyta z samym badaniem USG<\/h4>\r\n<\/td>\r\n<td>\r\n<h4>200 z\u0142<\/h4>\r\n<\/td>\r\n<\/tr>\r\n<tr>\r\n<td>\r\n<h4>Badanie USG &#8211; ka\u017cda kolejna okolica do badania<\/h4>\r\n<\/td>\r\n<td>\r\n<h4>100 z\u0142<\/h4>\r\n<\/td>\r\n<\/tr>\r\n<tr>\r\n<td>\r\n<h4>Wykonanie szybkiego testu &#8211; Covid19 + grypa<\/h4>\r\n<\/td>\r\n<td>\r\n<h4>75 z\u0142<\/h4>\r\n<\/td>\r\n<\/tr>\r\n<tr>\r\n<td>\r\n<h4>Wykonanie szybkiego testu CRP (bia\u0142ko stanu zapalnego)<\/h4>\r\n<\/td>\r\n<td>\r\n<h4>40 z\u0142<\/h4>\r\n<\/td>\r\n<\/tr>\r\n<tr>\r\n<td>\r\n<h4>Wykonanie szybkiego testu &#8211; pr\u00f3bka moczu, badanie og\u00f3lne<\/h4>\r\n<\/td>\r\n<td>\r\n<h4>30 z\u0142<\/h4>\r\n<\/td>\r\n<\/tr>\r\n<tr>\r\n<td>\r\n<h4>Wykonanie szybkiego testu &#8211; Strep Test (angina)<\/h4>\r\n<\/td>\r\n<td>\r\n<h4><strong>40 z\u0142<\/strong><\/h4>\r\n<\/td>\r\n<\/tr>\r\n<tr>\r\n<td>\r\n<h4>Dop\u0142ata za wizyt\u0119 w dzie\u0144 \u015bwi\u0105teczny i po 22:00<\/h4>\r\n<\/td>\r\n<td>\r\n<h4><strong>100 z\u0142<\/strong><\/h4>\r\n<\/td>\r\n<\/tr>\r\n<\/tbody>\r\n<\/table>\r\n<figcaption>\r\n<h4>Ceny zawieraj\u0105 podatek VAT. P\u0142atno\u015b\u0107 za us\u0142ug\u0119 pobierana jest podczas realizacji wizyty &#8211; got\u00f3wk\u0105 (aktualnie brak mo\u017cliwo\u015bci p\u0142atno\u015bci kart\u0105).<\/h4>\r\n<\/figcaption>\r\n<\/figure>\r\n\r\n\r\n\r\n<p>&nbsp;<\/p>\r\n","protected":false},"excerpt":{"rendered":"<p>Us\u0142uga Cena Wizyta domowa pediatryczna 200 z\u0142 Wizyta domowa &#8211; kolejny pacjent pod tym samym adresem 100 z\u0142 Wizyta domowa pediatryczna + badanie USG (jedna okolica) 350 z\u0142 Wizyta z samym badaniem USG 200 z\u0142 Badanie USG &#8211; ka\u017cda kolejna okolica do badania 100 z\u0142 Wykonanie szybkiego testu &#8211; Covid19 + grypa 75 z\u0142 Wykonanie [&hellip;]<\/p>\n","protected":false},"author":1,"featured_media":0,"parent":0,"menu_order":0,"comment_status":"closed","ping_status":"closed","template":"","meta":[],"_links":{"self":[{"href":"https:\/\/zuzialeczy.pl\/index.php?rest_route=\/wp\/v2\/pages\/12"}],"collection":[{"href":"https:\/\/zuzialeczy.pl\/index.php?rest_route=\/wp\/v2\/pages"}],"about":[{"href":"https:\/\/zuzialeczy.pl\/index.php?rest_route=\/wp\/v2\/types\/page"}],"author":[{"embeddable":true,"href":"https:\/\/zuzialeczy.pl\/index.php?rest_route=\/wp\/v2\/users\/1"}],"replies":[{"embeddable":true,"href":"https:\/\/zuzialeczy.pl\/index.php?rest_route=%2Fwp%2Fv2%2Fcomments&post=12"}],"version-history":[{"count":10,"href":"https:\/\/zuzialeczy.pl\/index.php?rest_route=\/wp\/v2\/pages\/12\/revisions"}],"predecessor-version":[{"id":180,"href":"https:\/\/zuzialeczy.pl\/index.php?rest_route=\/wp\/v2\/pages\/12\/revisions\/180"}],"wp:attachment":[{"href":"https:\/\/zuzialeczy.pl\/index.php?rest_route=%2Fwp%2Fv2%2Fmedia&parent=12"}],"curies":[{"name":"wp","href":"https:\/\/api.w.org\/{rel}","templated":true}]}}