{"id":15,"date":"2021-10-13T21:04:21","date_gmt":"2021-10-13T21:04:21","guid":{"rendered":"https:\/\/zuzialeczy.pl\/?page_id=15"},"modified":"2021-11-12T23:33:37","modified_gmt":"2021-11-12T23:33:37","slug":"o-mnie","status":"publish","type":"page","link":"https:\/\/zuzialeczy.pl\/?page_id=15","title":{"rendered":"o mnie"},"content":{"rendered":"\r\n<p class=\"has-medium-font-size\">Jestem lekarzem specjalizuj\u0105cym si\u0119 w medycynie rodzinnej, g\u0142\u00f3wnie zajmuj\u0119 si\u0119 leczeniem dzieci w warunkach przychodni oraz domowych. Realizuj\u0119 wizyty domowe na terenie Otwocka i najbli\u017cszych okolic (do max. 10 km): patrz mapka poni\u017cej.<\/p>\r\n<p><img loading=\"lazy\" class=\"size-medium wp-image-129 aligncenter\" src=\"http:\/\/zuzialeczy.pl\/wp-content\/uploads\/2021\/11\/otwockmapa-300x274.png\" alt=\"\" width=\"300\" height=\"274\" srcset=\"https:\/\/zuzialeczy.pl\/wp-content\/uploads\/2021\/11\/otwockmapa-300x274.png 300w, https:\/\/zuzialeczy.pl\/wp-content\/uploads\/2021\/11\/otwockmapa.png 563w\" sizes=\"(max-width: 300px) 100vw, 300px\" \/><\/p>\r\n\r\n\r\n\r\n<p class=\"has-medium-font-size\">Posiadam certyfikat uko\u0144czenia kursu USG w pediatrii. Badania USG uwa\u017cam za \u015bwietne uzupe\u0142nienie podstawowego badania lekarskiego, nierzadko pozwalaj\u0105ce ustali\u0107 decyduj\u0105c\u0105 diagnoz\u0119 lub wykluczy\u0107 powa\u017cne schorzenia.<\/p>\r\n\r\n\r\n\r\n<p>W ramach wizyt domowych opr\u00f3cz klasycznego badania lekarskiego wykonuj\u0119 takie badania jak:<\/p>\r\n\r\n\r\n\r\n<ul class=\"has-medium-font-size\">\r\n<li>USG p\u0142uc &#8211; bardzo przydatne przy diagnostyce zaka\u017ce\u0144 uk\u0142adu oddechowego (w tym zapale\u0144 p\u0142uc)<\/li>\r\n<li>USG jamy brzusznej &#8211; pozwalaj\u0105ce oceni\u0107 takie narz\u0105dy jak w\u0105troba, \u015bledziona, uk\u0142ad moczowy, naczynia jamy brzusznej, w\u0119z\u0142y ch\u0142onne, a tak\u017ce uk\u0142ad pokarmowy<\/li>\r\n<li>USG w\u0119z\u0142\u00f3w ch\u0142onnych &#8211; szyjnych, pachwinowych<\/li>\r\n<li>USG szyi, tarczycy, przytarczyc &#8211; najcz\u0119\u015bciej wykorzystywane w diagnostyce wyczuwalnych na szyi guzk\u00f3w<\/li>\r\n<li>USG j\u0105der<\/li>\r\n<li>dodatkowe badania diagnostyczne &#8211; szybkie testy w kierunku paciorkowc\u00f3w (angina), covid19, grypy, CRP (bia\u0142ko zapalenia) czy szybkie testy moczu (wymagane wcze\u015bniejsze pobranie pr\u00f3bki moczu do pojemniczka)<\/li>\r\n<\/ul>\r\n","protected":false},"excerpt":{"rendered":"<p>Jestem lekarzem specjalizuj\u0105cym si\u0119 w medycynie rodzinnej, g\u0142\u00f3wnie zajmuj\u0119 si\u0119 leczeniem dzieci w warunkach przychodni oraz domowych. Realizuj\u0119 wizyty domowe na terenie Otwocka i najbli\u017cszych okolic (do max. 10 km): patrz mapka poni\u017cej. Posiadam certyfikat uko\u0144czenia kursu USG w pediatrii. Badania USG uwa\u017cam za \u015bwietne uzupe\u0142nienie podstawowego badania lekarskiego, nierzadko pozwalaj\u0105ce ustali\u0107 decyduj\u0105c\u0105 diagnoz\u0119 lub [&hellip;]<\/p>\n","protected":false},"author":1,"featured_media":0,"parent":0,"menu_order":0,"comment_status":"closed","ping_status":"closed","template":"","meta":[],"_links":{"self":[{"href":"https:\/\/zuzialeczy.pl\/index.php?rest_route=\/wp\/v2\/pages\/15"}],"collection":[{"href":"https:\/\/zuzialeczy.pl\/index.php?rest_route=\/wp\/v2\/pages"}],"about":[{"href":"https:\/\/zuzialeczy.pl\/index.php?rest_route=\/wp\/v2\/types\/page"}],"author":[{"embeddable":true,"href":"https:\/\/zuzialeczy.pl\/index.php?rest_route=\/wp\/v2\/users\/1"}],"replies":[{"embeddable":true,"href":"https:\/\/zuzialeczy.pl\/index.php?rest_route=%2Fwp%2Fv2%2Fcomments&post=15"}],"version-history":[{"count":5,"href":"https:\/\/zuzialeczy.pl\/index.php?rest_route=\/wp\/v2\/pages\/15\/revisions"}],"predecessor-version":[{"id":130,"href":"https:\/\/zuzialeczy.pl\/index.php?rest_route=\/wp\/v2\/pages\/15\/revisions\/130"}],"wp:attachment":[{"href":"https:\/\/zuzialeczy.pl\/index.php?rest_route=%2Fwp%2Fv2%2Fmedia&parent=15"}],"curies":[{"name":"wp","href":"https:\/\/api.w.org\/{rel}","templated":true}]}}